{"id":3482,"date":"2022-04-08T14:20:09","date_gmt":"2022-04-08T11:20:09","guid":{"rendered":"https:\/\/sodamimarlik.com\/projects\/"},"modified":"2024-09-23T11:28:19","modified_gmt":"2024-09-23T08:28:19","slug":"projects","status":"publish","type":"page","link":"https:\/\/sodamimarlik.com\/en\/projects\/","title":{"rendered":"PROJECTS"},"content":{"rendered":"\t\t<div data-elementor-type=\"wp-page\" data-elementor-id=\"3482\" class=\"elementor elementor-3482 elementor-607\" data-elementor-settings=\"{&quot;element_pack_global_tooltip_width&quot;:{&quot;unit&quot;:&quot;px&quot;,&quot;size&quot;:&quot;&quot;,&quot;sizes&quot;:[]},&quot;element_pack_global_tooltip_width_tablet&quot;:{&quot;unit&quot;:&quot;px&quot;,&quot;size&quot;:&quot;&quot;,&quot;sizes&quot;:[]},&quot;element_pack_global_tooltip_width_mobile&quot;:{&quot;unit&quot;:&quot;px&quot;,&quot;size&quot;:&quot;&quot;,&quot;sizes&quot;:[]},&quot;element_pack_global_tooltip_padding&quot;:{&quot;unit&quot;:&quot;px&quot;,&quot;top&quot;:&quot;&quot;,&quot;right&quot;:&quot;&quot;,&quot;bottom&quot;:&quot;&quot;,&quot;left&quot;:&quot;&quot;,&quot;isLinked&quot;:true},&quot;element_pack_global_tooltip_padding_tablet&quot;:{&quot;unit&quot;:&quot;px&quot;,&quot;top&quot;:&quot;&quot;,&quot;right&quot;:&quot;&quot;,&quot;bottom&quot;:&quot;&quot;,&quot;left&quot;:&quot;&quot;,&quot;isLinked&quot;:true},&quot;element_pack_global_tooltip_padding_mobile&quot;:{&quot;unit&quot;:&quot;px&quot;,&quot;top&quot;:&quot;&quot;,&quot;right&quot;:&quot;&quot;,&quot;bottom&quot;:&quot;&quot;,&quot;left&quot;:&quot;&quot;,&quot;isLinked&quot;:true},&quot;element_pack_global_tooltip_border_radius&quot;:{&quot;unit&quot;:&quot;px&quot;,&quot;top&quot;:&quot;&quot;,&quot;right&quot;:&quot;&quot;,&quot;bottom&quot;:&quot;&quot;,&quot;left&quot;:&quot;&quot;,&quot;isLinked&quot;:true},&quot;element_pack_global_tooltip_border_radius_tablet&quot;:{&quot;unit&quot;:&quot;px&quot;,&quot;top&quot;:&quot;&quot;,&quot;right&quot;:&quot;&quot;,&quot;bottom&quot;:&quot;&quot;,&quot;left&quot;:&quot;&quot;,&quot;isLinked&quot;:true},&quot;element_pack_global_tooltip_border_radius_mobile&quot;:{&quot;unit&quot;:&quot;px&quot;,&quot;top&quot;:&quot;&quot;,&quot;right&quot;:&quot;&quot;,&quot;bottom&quot;:&quot;&quot;,&quot;left&quot;:&quot;&quot;,&quot;isLinked&quot;:true}}\">\n\t\t\t\t\t\t<section class=\"elementor-section elementor-top-section elementor-element elementor-element-cf1ff75 elementor-section-boxed elementor-section-height-default elementor-section-height-default\" data-id=\"cf1ff75\" data-element_type=\"section\">\n\t\t\t\t\t\t<div class=\"elementor-container elementor-column-gap-default\">\n\t\t\t\t\t<div class=\"elementor-column elementor-col-100 elementor-top-column elementor-element elementor-element-addb94b\" data-id=\"addb94b\" data-element_type=\"column\">\n\t\t\t<div class=\"elementor-widget-wrap elementor-element-populated\">\n\t\t\t\t\t\t<div class=\"elementor-element elementor-element-091242d elementor-widget elementor-widget-hub_fancy_heading\" data-id=\"091242d\" data-element_type=\"widget\" data-widget_type=\"hub_fancy_heading.default\">\n\t\t\t\t<div class=\"elementor-widget-container\">\n\t\t\t\t\t\n\t\t<div id=\"ld-fancy-heading-69f4a6a187667\" class=\"ld-fancy-heading pos-rel\">\n\t\t\t<h2 class=\"ld-fh-element d-inline-block pos-rel  elementor-heading-title lqd-highlight-classic lqd-highlight-grow-left h2\"  > PROJECTS<\/h2>\t\t<\/div>\n\n\t\t\t\t\t\t<\/div>\n\t\t\t\t<\/div>\n\t\t\t\t\t<\/div>\n\t\t<\/div>\n\t\t\t\t<div class=\"elementor-column elementor-col-100 elementor-top-column elementor-element elementor-element-ca5cc24\" data-id=\"ca5cc24\" data-element_type=\"column\">\n\t\t\t<div class=\"elementor-widget-wrap elementor-element-populated\">\n\t\t\t\t\t\t<div class=\"elementor-element elementor-element-53f4a8f elementor-widget elementor-widget-ld_portfolio\" data-id=\"53f4a8f\" data-element_type=\"widget\" data-widget_type=\"ld_portfolio.default\">\n\t\t\t\t<div class=\"elementor-widget-container\">\n\t\t\t\t\t<div class=\"lqd-pf-grid lqd-pf-grid-53f4a8f\">\t\t\t\r\n<div class=\"liquid-filter-items align-items-center lqd-filter-style-default\">\t\r\n\t<div class=\"liquid-filter-items-inner flex-grow-1\">\r\n\t\t\r\n\t\t\r\n\t\t<ul class=\"filter-list filter-list-inline  filter-list-decorated filters-underline d-flex align-items-center hidden-xs hidden-sm\" id=\"pf-filter-88033935\">\r\n\t\t\t<li class=\"active\" data-filter=\"*\"><span>ALL<\/span><\/li>\r\n\t\t\t<li data-filter=\".cafe-restaurant-en\"><span>CAFE\/RESTAURANT<\/span><\/li><li data-filter=\".commercial\"><span>COMMERCIAL<\/span><\/li><li data-filter=\".hotel\"><span>HOTEL<\/span><\/li><li data-filter=\".landscape\"><span>LANDSCAPE<\/span><\/li><li data-filter=\".office\"><span>OFFICE<\/span><\/li><li data-filter=\".residence\"><span>RESIDENCE<\/span><\/li>\t\t<\/ul>\r\n\r\n\t\t<div class=\"lqd-filter-dropdown visible-xs visible-sm\" data-form-options='{ \"dropdownAppendTo\": \"self\" }'>\r\n\t\t\t<select name=\"lqd-filter-dropdown-pf-filter-88033935\" id=\"lqd-filter-dropdown-pf-filter-88033935\">\r\n\t\t\t\t<option selected data-filter=\"*\" value=\"*\">ALL<\/option>\r\n\t\t\t\t<option data-filter=\".cafe-restaurant-en\" value=\".cafe-restaurant-en\">CAFE\/RESTAURANT<\/option><option data-filter=\".commercial\" value=\".commercial\">COMMERCIAL<\/option><option data-filter=\".hotel\" value=\".hotel\">HOTEL<\/option><option data-filter=\".landscape\" value=\".landscape\">LANDSCAPE<\/option><option data-filter=\".office\" value=\".office\">OFFICE<\/option><option data-filter=\".residence\" value=\".residence\">RESIDENCE<\/option>\t\t\t<\/select>\r\n\t\t<\/div>\r\n\t\t\t\r\n\t\t\t\t\t\t\t\r\n\t\t\t\r\n\t<\/div>\r\n<\/div><div id=\"lqd-pf-grid-53f4a8f\" class=\"lqd-pf-row row d-flex flex-wrap lqd-pf-grid-53f4a8f\" data-liquid-masonry=\"true\" data-masonry-options='{ \"filtersID\": \"#pf-filter-88033935\" }'><div class=\"lqd-pf-column col-md-3 col-sm-6 col-xs-12 col-sm-6 col-xs-12 masonry-item office\">\n\n\t<article id=\"post-3478\" class=\"lqd-pf-item lqd-pf-item-style-6 border-radius-6 p-3 pt-4 lqd-pf-color-custom post-3478 liquid-portfolio type-liquid-portfolio status-publish format-standard has-post-thumbnail hentry liquid-portfolio-category-office\">\n\t\t<div class=\"lqd-pf-item-inner\">\n\n\t\t\t<div class=\"lqd-pf-img mb-3 pos-rel border-radius-10 overflow-hidden\">\n\t\t\t\t<figure>\n\t\t\t\t\t<figure  class=\"w-100\"><img decoding=\"async\" width=\"748\" height=\"512\" src=\"https:\/\/sodamimarlik.com\/wp-content\/uploads\/2024\/06\/soda-studyo_sodamimarlik-izmir_0-748x512.webp\" class=\"w-100 wp-post-image\" alt=\"\" \/><\/figure>\t\t\t\t<\/figure>\n\t\t\t\t<span class=\"lqd-pf-overlay-bg lqd-overlay d-flex align-items-center justify-content-center\">\n\t\t\t\t<\/span>\n\t\t\t<\/div>\n\n\t\t\t<div class=\"lqd-pf-details\">\n\t\t\t\t<div class=\"d-flex justify-content-between\">\n\t\t\t\t\t\t\t\t\t\t<h2 class=\"lqd-pf-title mt-0 align-items-center h5\">SODA STUDIO<\/h2>\t\t\t\t\t\t\t\t\t<\/div>\n\t\t\t\t<ul class=\"reset-ul inline-nav lqd-pf-cat d-inline-flex pos-rel z-index-2\"><li><a href=\"https:\/\/sodamimarlik.com\/en\/project-category\/office\/\">OFFICE<\/a><\/li><\/ul>\t\t\t<\/div>\n\n\t\t\t<a href=\"https:\/\/sodamimarlik.com\/en\/projeler\/soda-studio\/\"  class=\"lqd-overlay lqd-pf-overlay-link lqd-cc-label-trigger\" data-cc-icon-color=\"\"><\/a>\n\t\t<\/div>\n\t<\/article>\n\n<\/div><div class=\"lqd-pf-column col-md-3 col-sm-6 col-xs-12 col-sm-6 col-xs-12 masonry-item commercial\">\n\n\t<article id=\"post-3476\" class=\"lqd-pf-item lqd-pf-item-style-6 border-radius-6 p-3 pt-4 lqd-pf-color-custom post-3476 liquid-portfolio type-liquid-portfolio status-publish format-standard has-post-thumbnail hentry liquid-portfolio-category-commercial\">\n\t\t<div class=\"lqd-pf-item-inner\">\n\n\t\t\t<div class=\"lqd-pf-img mb-3 pos-rel border-radius-10 overflow-hidden\">\n\t\t\t\t<figure>\n\t\t\t\t\t<figure  class=\"w-100\"><img decoding=\"async\" width=\"748\" height=\"512\" src=\"https:\/\/sodamimarlik.com\/wp-content\/uploads\/2024\/06\/can-kardesler-mimari-tasarim_hizmetleri_ticari_soda-mimarlik-izmir-07-748x512.webp\" class=\"w-100 wp-post-image\" alt=\"\" \/><\/figure>\t\t\t\t<\/figure>\n\t\t\t\t<span class=\"lqd-pf-overlay-bg lqd-overlay d-flex align-items-center justify-content-center\">\n\t\t\t\t<\/span>\n\t\t\t<\/div>\n\n\t\t\t<div class=\"lqd-pf-details\">\n\t\t\t\t<div class=\"d-flex justify-content-between\">\n\t\t\t\t\t\t\t\t\t\t<h2 class=\"lqd-pf-title mt-0 align-items-center h5\">CAN KARDESLER KURUYEMIS<\/h2>\t\t\t\t\t\t\t\t\t<\/div>\n\t\t\t\t<ul class=\"reset-ul inline-nav lqd-pf-cat d-inline-flex pos-rel z-index-2\"><li><a href=\"https:\/\/sodamimarlik.com\/en\/project-category\/commercial\/\">COMMERCIAL<\/a><\/li><\/ul>\t\t\t<\/div>\n\n\t\t\t<a href=\"https:\/\/sodamimarlik.com\/en\/projeler\/can-kardesler-kuruyemis\/\"  class=\"lqd-overlay lqd-pf-overlay-link lqd-cc-label-trigger\" data-cc-icon-color=\"\"><\/a>\n\t\t<\/div>\n\t<\/article>\n\n<\/div><div class=\"lqd-pf-column col-md-3 col-sm-6 col-xs-12 col-sm-6 col-xs-12 masonry-item residence\">\n\n\t<article id=\"post-3474\" class=\"lqd-pf-item lqd-pf-item-style-6 border-radius-6 p-3 pt-4 lqd-pf-color-custom post-3474 liquid-portfolio type-liquid-portfolio status-publish format-standard has-post-thumbnail hentry liquid-portfolio-category-residence\">\n\t\t<div class=\"lqd-pf-item-inner\">\n\n\t\t\t<div class=\"lqd-pf-img mb-3 pos-rel border-radius-10 overflow-hidden\">\n\t\t\t\t<figure>\n\t\t\t\t\t<figure  class=\"w-100\"><img decoding=\"async\" width=\"748\" height=\"512\" src=\"https:\/\/sodamimarlik.com\/wp-content\/uploads\/2024\/06\/ayvalik-konut-tasarimi-soda-mimarlik_izmir-05-748x512.webp\" class=\"w-100 wp-post-image\" alt=\"\" srcset=\"https:\/\/sodamimarlik.com\/wp-content\/uploads\/2024\/06\/ayvalik-konut-tasarimi-soda-mimarlik_izmir-05-748x512.webp 748w, https:\/\/sodamimarlik.com\/wp-content\/uploads\/2024\/06\/ayvalik-konut-tasarimi-soda-mimarlik_izmir-05-300x206.webp 300w\" sizes=\"(max-width: 748px) 100vw, 748px\" \/><\/figure>\t\t\t\t<\/figure>\n\t\t\t\t<span class=\"lqd-pf-overlay-bg lqd-overlay d-flex align-items-center justify-content-center\">\n\t\t\t\t<\/span>\n\t\t\t<\/div>\n\n\t\t\t<div class=\"lqd-pf-details\">\n\t\t\t\t<div class=\"d-flex justify-content-between\">\n\t\t\t\t\t\t\t\t\t\t<h2 class=\"lqd-pf-title mt-0 align-items-center h5\">AG HOUSE<\/h2>\t\t\t\t\t\t\t\t\t<\/div>\n\t\t\t\t<ul class=\"reset-ul inline-nav lqd-pf-cat d-inline-flex pos-rel z-index-2\"><li><a href=\"https:\/\/sodamimarlik.com\/en\/project-category\/residence\/\">RESIDENCE<\/a><\/li><\/ul>\t\t\t<\/div>\n\n\t\t\t<a href=\"https:\/\/sodamimarlik.com\/en\/projeler\/ag-house\/\"  class=\"lqd-overlay lqd-pf-overlay-link lqd-cc-label-trigger\" data-cc-icon-color=\"\"><\/a>\n\t\t<\/div>\n\t<\/article>\n\n<\/div><div class=\"lqd-pf-column col-md-3 col-sm-6 col-xs-12 col-sm-6 col-xs-12 masonry-item office\">\n\n\t<article id=\"post-3472\" class=\"lqd-pf-item lqd-pf-item-style-6 border-radius-6 p-3 pt-4 lqd-pf-color-custom post-3472 liquid-portfolio type-liquid-portfolio status-publish format-standard has-post-thumbnail hentry liquid-portfolio-category-office\">\n\t\t<div class=\"lqd-pf-item-inner\">\n\n\t\t\t<div class=\"lqd-pf-img mb-3 pos-rel border-radius-10 overflow-hidden\">\n\t\t\t\t<figure>\n\t\t\t\t\t<figure  class=\"w-100\"><img decoding=\"async\" width=\"748\" height=\"512\" src=\"https:\/\/sodamimarlik.com\/wp-content\/uploads\/2024\/06\/isik_celik_mimari_proje_tasarimi_soda_mimarlik_izmir_01-748x512.webp\" class=\"w-100 wp-post-image\" alt=\"\" \/><\/figure>\t\t\t\t<\/figure>\n\t\t\t\t<span class=\"lqd-pf-overlay-bg lqd-overlay d-flex align-items-center justify-content-center\">\n\t\t\t\t<\/span>\n\t\t\t<\/div>\n\n\t\t\t<div class=\"lqd-pf-details\">\n\t\t\t\t<div class=\"d-flex justify-content-between\">\n\t\t\t\t\t\t\t\t\t\t<h2 class=\"lqd-pf-title mt-0 align-items-center h5\">ISIK CELIK<\/h2>\t\t\t\t\t\t\t\t\t<\/div>\n\t\t\t\t<ul class=\"reset-ul inline-nav lqd-pf-cat d-inline-flex pos-rel z-index-2\"><li><a href=\"https:\/\/sodamimarlik.com\/en\/project-category\/office\/\">OFFICE<\/a><\/li><\/ul>\t\t\t<\/div>\n\n\t\t\t<a href=\"https:\/\/sodamimarlik.com\/en\/projeler\/isik-celik\/\"  class=\"lqd-overlay lqd-pf-overlay-link lqd-cc-label-trigger\" data-cc-icon-color=\"\"><\/a>\n\t\t<\/div>\n\t<\/article>\n\n<\/div><div class=\"lqd-pf-column col-md-3 col-sm-6 col-xs-12 col-sm-6 col-xs-12 masonry-item office\">\n\n\t<article id=\"post-3470\" class=\"lqd-pf-item lqd-pf-item-style-6 border-radius-6 p-3 pt-4 lqd-pf-color-custom post-3470 liquid-portfolio type-liquid-portfolio status-publish format-standard has-post-thumbnail hentry liquid-portfolio-category-office\">\n\t\t<div class=\"lqd-pf-item-inner\">\n\n\t\t\t<div class=\"lqd-pf-img mb-3 pos-rel border-radius-10 overflow-hidden\">\n\t\t\t\t<figure>\n\t\t\t\t\t<figure  class=\"w-100\"><img decoding=\"async\" width=\"748\" height=\"512\" src=\"https:\/\/sodamimarlik.com\/wp-content\/uploads\/2024\/06\/athapack-soda-mimarlik-proje-ticari-11-748x512.webp\" class=\"w-100 wp-post-image\" alt=\"\" \/><\/figure>\t\t\t\t<\/figure>\n\t\t\t\t<span class=\"lqd-pf-overlay-bg lqd-overlay d-flex align-items-center justify-content-center\">\n\t\t\t\t<\/span>\n\t\t\t<\/div>\n\n\t\t\t<div class=\"lqd-pf-details\">\n\t\t\t\t<div class=\"d-flex justify-content-between\">\n\t\t\t\t\t\t\t\t\t\t<h2 class=\"lqd-pf-title mt-0 align-items-center h5\">ATHAPACK MAKINA<\/h2>\t\t\t\t\t\t\t\t\t<\/div>\n\t\t\t\t<ul class=\"reset-ul inline-nav lqd-pf-cat d-inline-flex pos-rel z-index-2\"><li><a href=\"https:\/\/sodamimarlik.com\/en\/project-category\/office\/\">OFFICE<\/a><\/li><\/ul>\t\t\t<\/div>\n\n\t\t\t<a href=\"https:\/\/sodamimarlik.com\/en\/projeler\/athapack-makina\/\"  class=\"lqd-overlay lqd-pf-overlay-link lqd-cc-label-trigger\" data-cc-icon-color=\"\"><\/a>\n\t\t<\/div>\n\t<\/article>\n\n<\/div><div class=\"lqd-pf-column col-md-3 col-sm-6 col-xs-12 col-sm-6 col-xs-12 masonry-item cafe-restaurant-en commercial\">\n\n\t<article id=\"post-3468\" class=\"lqd-pf-item lqd-pf-item-style-6 border-radius-6 p-3 pt-4 lqd-pf-color-custom post-3468 liquid-portfolio type-liquid-portfolio status-publish format-standard has-post-thumbnail hentry liquid-portfolio-category-cafe-restaurant-en liquid-portfolio-category-commercial\">\n\t\t<div class=\"lqd-pf-item-inner\">\n\n\t\t\t<div class=\"lqd-pf-img mb-3 pos-rel border-radius-10 overflow-hidden\">\n\t\t\t\t<figure>\n\t\t\t\t\t<figure  class=\"w-100\"><img decoding=\"async\" width=\"748\" height=\"512\" src=\"https:\/\/sodamimarlik.com\/wp-content\/uploads\/2024\/07\/cafenuts_mimari-tasarim_soda_mimarlik_izmir-02-748x512.webp\" class=\"w-100 wp-post-image\" alt=\"\" \/><\/figure>\t\t\t\t<\/figure>\n\t\t\t\t<span class=\"lqd-pf-overlay-bg lqd-overlay d-flex align-items-center justify-content-center\">\n\t\t\t\t<\/span>\n\t\t\t<\/div>\n\n\t\t\t<div class=\"lqd-pf-details\">\n\t\t\t\t<div class=\"d-flex justify-content-between\">\n\t\t\t\t\t\t\t\t\t\t<h2 class=\"lqd-pf-title mt-0 align-items-center h5\">CAFE NUTS<\/h2>\t\t\t\t\t\t\t\t\t<\/div>\n\t\t\t\t<ul class=\"reset-ul inline-nav lqd-pf-cat d-inline-flex pos-rel z-index-2\"><li><a href=\"https:\/\/sodamimarlik.com\/en\/project-category\/cafe-restaurant-en\/\">CAFE\/RESTAURANT<\/a><\/li><\/ul>\t\t\t<\/div>\n\n\t\t\t<a href=\"https:\/\/sodamimarlik.com\/en\/projeler\/cafe-nuts\/\"  class=\"lqd-overlay lqd-pf-overlay-link lqd-cc-label-trigger\" data-cc-icon-color=\"\"><\/a>\n\t\t<\/div>\n\t<\/article>\n\n<\/div><div class=\"lqd-pf-column col-md-3 col-sm-6 col-xs-12 col-sm-6 col-xs-12 masonry-item commercial\">\n\n\t<article id=\"post-3466\" class=\"lqd-pf-item lqd-pf-item-style-6 border-radius-6 p-3 pt-4 lqd-pf-color-custom post-3466 liquid-portfolio type-liquid-portfolio status-publish format-standard has-post-thumbnail hentry liquid-portfolio-category-commercial\">\n\t\t<div class=\"lqd-pf-item-inner\">\n\n\t\t\t<div class=\"lqd-pf-img mb-3 pos-rel border-radius-10 overflow-hidden\">\n\t\t\t\t<figure>\n\t\t\t\t\t<figure  class=\"w-100\"><img decoding=\"async\" width=\"748\" height=\"512\" src=\"https:\/\/sodamimarlik.com\/wp-content\/uploads\/2024\/07\/CK_chocolate_mimari-tasarimi-soda-mimarlik_izmir-10-748x512.webp\" class=\"w-100 wp-post-image\" alt=\"\" \/><\/figure>\t\t\t\t<\/figure>\n\t\t\t\t<span class=\"lqd-pf-overlay-bg lqd-overlay d-flex align-items-center justify-content-center\">\n\t\t\t\t<\/span>\n\t\t\t<\/div>\n\n\t\t\t<div class=\"lqd-pf-details\">\n\t\t\t\t<div class=\"d-flex justify-content-between\">\n\t\t\t\t\t\t\t\t\t\t<h2 class=\"lqd-pf-title mt-0 align-items-center h5\">CK CHOCOLATE<\/h2>\t\t\t\t\t\t\t\t\t<\/div>\n\t\t\t\t<ul class=\"reset-ul inline-nav lqd-pf-cat d-inline-flex pos-rel z-index-2\"><li><a href=\"https:\/\/sodamimarlik.com\/en\/project-category\/commercial\/\">COMMERCIAL<\/a><\/li><\/ul>\t\t\t<\/div>\n\n\t\t\t<a href=\"https:\/\/sodamimarlik.com\/en\/projeler\/ck-chocolate\/\"  class=\"lqd-overlay lqd-pf-overlay-link lqd-cc-label-trigger\" data-cc-icon-color=\"\"><\/a>\n\t\t<\/div>\n\t<\/article>\n\n<\/div><div class=\"lqd-pf-column col-md-3 col-sm-6 col-xs-12 col-sm-6 col-xs-12 masonry-item landscape\">\n\n\t<article id=\"post-3464\" class=\"lqd-pf-item lqd-pf-item-style-6 border-radius-6 p-3 pt-4 lqd-pf-color-custom post-3464 liquid-portfolio type-liquid-portfolio status-publish format-standard has-post-thumbnail hentry liquid-portfolio-category-landscape\">\n\t\t<div class=\"lqd-pf-item-inner\">\n\n\t\t\t<div class=\"lqd-pf-img mb-3 pos-rel border-radius-10 overflow-hidden\">\n\t\t\t\t<figure>\n\t\t\t\t\t<figure  class=\"w-100\"><img decoding=\"async\" width=\"748\" height=\"512\" src=\"https:\/\/sodamimarlik.com\/wp-content\/uploads\/2024\/07\/sosyal-tesis_slider_soda_mimarlik_izmir-748x512.webp\" class=\"w-100 wp-post-image\" alt=\"\" \/><\/figure>\t\t\t\t<\/figure>\n\t\t\t\t<span class=\"lqd-pf-overlay-bg lqd-overlay d-flex align-items-center justify-content-center\">\n\t\t\t\t<\/span>\n\t\t\t<\/div>\n\n\t\t\t<div class=\"lqd-pf-details\">\n\t\t\t\t<div class=\"d-flex justify-content-between\">\n\t\t\t\t\t\t\t\t\t\t<h2 class=\"lqd-pf-title mt-0 align-items-center h5\">TORBALI SOSYAL TESIS<\/h2>\t\t\t\t\t\t\t\t\t<\/div>\n\t\t\t\t<ul class=\"reset-ul inline-nav lqd-pf-cat d-inline-flex pos-rel z-index-2\"><li><a href=\"https:\/\/sodamimarlik.com\/en\/project-category\/landscape\/\">LANDSCAPE<\/a><\/li><\/ul>\t\t\t<\/div>\n\n\t\t\t<a href=\"https:\/\/sodamimarlik.com\/en\/projeler\/torbali-sosyal-tesis\/\"  class=\"lqd-overlay lqd-pf-overlay-link lqd-cc-label-trigger\" data-cc-icon-color=\"\"><\/a>\n\t\t<\/div>\n\t<\/article>\n\n<\/div><\/div><\/div>\t\t\t\t<\/div>\n\t\t\t\t<\/div>\n\t\t\t\t\t<\/div>\n\t\t<\/div>\n\t\t\t\t\t<\/div>\n\t\t<\/section>\n\t\t\t\t<\/div>\n\t\t","protected":false},"excerpt":{"rendered":"<p>PROJECTS ALL CAFE\/RESTAURANT KONUT OF\u0130S OTEL PEYZAJ T\u0130CAR\u0130 ALLCAFE\/RESTAURANTKONUTOF\u0130SOTELPEYZAJT\u0130CAR\u0130 SODA ST\u00dcDYO OF\u0130S CAN KARDE\u015eLER KURUYEM\u0130\u015e T\u0130CAR\u0130 AG EV\u0130 KONUT I\u015eIK \u00c7EL\u0130K OF\u0130S ATHAPACK MAKI\u0307NA OF\u0130S CAFE NUTS CAFE\/RESTAURANT CK CHOCOLATE T\u0130CAR\u0130 TORBALI SOSYAL TESI\u0307S PEYZAJ<\/p>\n","protected":false},"author":1,"featured_media":0,"parent":0,"menu_order":0,"comment_status":"closed","ping_status":"closed","template":"","meta":{"_seopress_robots_primary_cat":"","_seopress_titles_title":"","_seopress_titles_desc":"","_seopress_robots_index":"","footnotes":""},"class_list":["post-3482","page","type-page","status-publish","hentry"],"_links":{"self":[{"href":"https:\/\/sodamimarlik.com\/en\/wp-json\/wp\/v2\/pages\/3482","targetHints":{"allow":["GET"]}}],"collection":[{"href":"https:\/\/sodamimarlik.com\/en\/wp-json\/wp\/v2\/pages"}],"about":[{"href":"https:\/\/sodamimarlik.com\/en\/wp-json\/wp\/v2\/types\/page"}],"author":[{"embeddable":true,"href":"https:\/\/sodamimarlik.com\/en\/wp-json\/wp\/v2\/users\/1"}],"replies":[{"embeddable":true,"href":"https:\/\/sodamimarlik.com\/en\/wp-json\/wp\/v2\/comments?post=3482"}],"version-history":[{"count":0,"href":"https:\/\/sodamimarlik.com\/en\/wp-json\/wp\/v2\/pages\/3482\/revisions"}],"wp:attachment":[{"href":"https:\/\/sodamimarlik.com\/en\/wp-json\/wp\/v2\/media?parent=3482"}],"curies":[{"name":"wp","href":"https:\/\/api.w.org\/{rel}","templated":true}]}}